{"id":337,"date":"2020-05-24T11:19:02","date_gmt":"2020-05-24T11:19:02","guid":{"rendered":"http:\/\/sprachen-und-mehr.eu\/?page_id=337"},"modified":"2023-12-28T19:39:12","modified_gmt":"2023-12-28T19:39:12","slug":"italienisch","status":"publish","type":"page","link":"https:\/\/sprachen-und-mehr.eu\/?page_id=337","title":{"rendered":"Italienisch"},"content":{"rendered":"<p><span style=\"text-decoration: underline; color: #ff0000;\"><strong><a href=\"http:\/\/sprachen-und-mehr.eu\/wp-content\/uploads\/2012\/08\/Italy.jpg\"><img loading=\"lazy\" decoding=\"async\" class=\"alignnone size-full wp-image-56\" title=\"Italy\" src=\"http:\/\/sprachen-und-mehr.eu\/wp-content\/uploads\/2012\/08\/Italy.jpg\" alt=\"Hemdchen\" width=\"60\" height=\"60\" \/><\/a>Italienisch<\/strong><\/span><\/p>\n<p><strong><span style=\"color: #0000ff;\"><strong><strong>Einzelunterricht<br \/>\n<\/strong><\/strong><\/span><\/strong><\/p>\n<p>Sie wollen Italienisch auffrischen oder verbessern? Der n\u00e4chste Urlaub geht nach Italien und Sie m\u00f6chten mit Land und Leuten reden k\u00f6nnen?<\/p>\n<p>auf Anfrage<\/p>\n<p>______________________________________________________________________________<\/p>\n<p>Tel. Nr. 0172 213 66 45 (ab 18:00 Uhr)<\/p>\n<p>Ich bin <span style=\"text-decoration: underline;\">jederzeit per Mail<\/span> erreichbar! vch@sprachen-und-mehr.eu<\/p>\n","protected":false},"excerpt":{"rendered":"<p>Italienisch Einzelunterricht Sie wollen Italienisch auffrischen oder verbessern? Der n\u00e4chste Urlaub geht nach Italien und Sie m\u00f6chten mit Land und Leuten reden k\u00f6nnen? auf Anfrage ______________________________________________________________________________ Tel. Nr. 0172 213 66 45 (ab 18:00 Uhr) Ich bin jederzeit per Mail erreichbar! vch@sprachen-und-mehr.eu<\/p>\n","protected":false},"author":3,"featured_media":0,"parent":0,"menu_order":7,"comment_status":"closed","ping_status":"closed","template":"","meta":{"footnotes":""},"_links":{"self":[{"href":"https:\/\/sprachen-und-mehr.eu\/index.php?rest_route=\/wp\/v2\/pages\/337"}],"collection":[{"href":"https:\/\/sprachen-und-mehr.eu\/index.php?rest_route=\/wp\/v2\/pages"}],"about":[{"href":"https:\/\/sprachen-und-mehr.eu\/index.php?rest_route=\/wp\/v2\/types\/page"}],"author":[{"embeddable":true,"href":"https:\/\/sprachen-und-mehr.eu\/index.php?rest_route=\/wp\/v2\/users\/3"}],"replies":[{"embeddable":true,"href":"https:\/\/sprachen-und-mehr.eu\/index.php?rest_route=%2Fwp%2Fv2%2Fcomments&post=337"}],"version-history":[{"count":7,"href":"https:\/\/sprachen-und-mehr.eu\/index.php?rest_route=\/wp\/v2\/pages\/337\/revisions"}],"predecessor-version":[{"id":474,"href":"https:\/\/sprachen-und-mehr.eu\/index.php?rest_route=\/wp\/v2\/pages\/337\/revisions\/474"}],"wp:attachment":[{"href":"https:\/\/sprachen-und-mehr.eu\/index.php?rest_route=%2Fwp%2Fv2%2Fmedia&parent=337"}],"curies":[{"name":"wp","href":"https:\/\/api.w.org\/{rel}","templated":true}]}}