{"id":333,"date":"2020-05-24T11:16:26","date_gmt":"2020-05-24T11:16:26","guid":{"rendered":"http:\/\/sprachen-und-mehr.eu\/?page_id=333"},"modified":"2023-12-28T19:35:57","modified_gmt":"2023-12-28T19:35:57","slug":"spanisch","status":"publish","type":"page","link":"https:\/\/sprachen-und-mehr.eu\/?page_id=333","title":{"rendered":"Spanisch"},"content":{"rendered":"<p><span style=\"text-decoration: underline; color: #ff0000;\"><strong><a href=\"http:\/\/sprachen-und-mehr.eu\/wp-content\/uploads\/2012\/07\/Spain.jpg\"><img loading=\"lazy\" decoding=\"async\" class=\"alignnone size-full wp-image-57\" title=\"Spain\" src=\"http:\/\/sprachen-und-mehr.eu\/wp-content\/uploads\/2012\/07\/Spain.jpg\" alt=\"Hemdchen\" width=\"60\" height=\"60\" \/><\/a>Spanisch<\/strong><\/span><\/p>\n<p><strong><span style=\"color: #0000ff;\"><strong><strong>Individueller Unterricht:<\/strong><\/strong><\/span><br \/>\n<\/strong><\/p>\n<p>Vorteil: der Unterricht wird genau auf <span style=\"text-decoration: underline;\">Ihre Bed\u00fcrfnisse und W\u00fcnsche<\/span> abgestimmt. Brauchen Sie eine Wiederholung der gesamten Grammatik oder muss der m\u00fcndliche und\/oder schriftliche Ausdruck verbessert werden? M\u00f6chten Sie die Sprachkenntnisse haupts\u00e4chlich im Urlaub einsetzen? Es gibt zahlreiche Texte, \u00dcbungen und H\u00f6rverstehtexte, die Ihrem Niveau entsprechen. Alle Niveaustufen nach ERR.<\/p>\n<p>Termine: nach Vereinbarung<\/p>\n<p>Preis: 32,00 Euro \/ Unterrichtseinheit je 60 Minuten<\/p>\n<h3><strong><span style=\"color: #ff0000;\">NEU Spezialkurse<br \/>\n<\/span><\/strong><\/h3>\n<ul>\n<li><strong><span style=\"color: #ff0000;\">Subjuntivo<\/span> (3 Bl\u00f6cke je 10 Unterrichtseinheiten) \u00a0 \u00a0 \u00a0 \u00a0 \u00a0 \u00a0 \u00a0 \u00a0 \u00a0 \u00a0 \u00a0 \u00a0\u00a0\u00a0<\/strong> Termin nach Absprache<\/li>\n<\/ul>\n<p>Subjuntivo stellt Lernende immer wieder vor gro\u00dfe Herausforderungen. In diesen Kurseinheiten wird der Umgang mit dem Subjuntivo strukturiert erkl\u00e4rt und ge\u00fcbt. Ziel ist es, am Ende der drei Einheiten die 4 Formen des Subjuntivos sicher angewendet wird. Zeitungsberichte und (H\u00f6r-) Texte und \u00dcbungen runden den Unterricht ab.<\/p>\n<p><strong>Voraussetzung:<\/strong> Niveau B1<\/p>\n<ul>\n<li><strong><span style=\"color: #ff0000;\">Vergangenheit &#8211; die verschiedenen Formen sicher anwenden\u00a0\u00a0\u00a0\u00a0\u00a0\u00a0 <\/span><\/strong><span style=\"color: #ff0000;\"><span style=\"color: #333333;\">Termin nach Absprache<\/span><\/span><strong><span style=\"color: #ff0000;\"><br \/>\n<\/span><\/strong><\/li>\n<\/ul>\n<p>Wie werden die Vergangenheitsformen sicher gebraucht? Besonderheiten der spanischen Sprache werden umfassend erkl\u00e4rt. Zeitungsberichte und (H\u00f6r-) Texte und \u00dcbungen runden den Unterricht ab.<\/p>\n<p><strong>Voraussetzung:<\/strong> Niveau A2\/B1<\/p>\n<p>______________________________________________________________________________<\/p>\n<p>Tel. Nr. 0172 213 66 45 (ab 18:00 Uhr)<\/p>\n<p>vch@sprachen-und-mehr.eu<\/p>\n","protected":false},"excerpt":{"rendered":"<p>Spanisch Individueller Unterricht: Vorteil: der Unterricht wird genau auf Ihre Bed\u00fcrfnisse und W\u00fcnsche abgestimmt. Brauchen Sie eine Wiederholung der gesamten Grammatik oder muss der m\u00fcndliche und\/oder schriftliche Ausdruck verbessert werden? M\u00f6chten Sie die Sprachkenntnisse haupts\u00e4chlich im Urlaub einsetzen? Es gibt zahlreiche Texte, \u00dcbungen und H\u00f6rverstehtexte, die Ihrem Niveau entsprechen. Alle Niveaustufen nach ERR. Termine: nach [&hellip;]<\/p>\n","protected":false},"author":3,"featured_media":0,"parent":0,"menu_order":5,"comment_status":"closed","ping_status":"closed","template":"","meta":{"footnotes":""},"_links":{"self":[{"href":"https:\/\/sprachen-und-mehr.eu\/index.php?rest_route=\/wp\/v2\/pages\/333"}],"collection":[{"href":"https:\/\/sprachen-und-mehr.eu\/index.php?rest_route=\/wp\/v2\/pages"}],"about":[{"href":"https:\/\/sprachen-und-mehr.eu\/index.php?rest_route=\/wp\/v2\/types\/page"}],"author":[{"embeddable":true,"href":"https:\/\/sprachen-und-mehr.eu\/index.php?rest_route=\/wp\/v2\/users\/3"}],"replies":[{"embeddable":true,"href":"https:\/\/sprachen-und-mehr.eu\/index.php?rest_route=%2Fwp%2Fv2%2Fcomments&post=333"}],"version-history":[{"count":10,"href":"https:\/\/sprachen-und-mehr.eu\/index.php?rest_route=\/wp\/v2\/pages\/333\/revisions"}],"predecessor-version":[{"id":470,"href":"https:\/\/sprachen-und-mehr.eu\/index.php?rest_route=\/wp\/v2\/pages\/333\/revisions\/470"}],"wp:attachment":[{"href":"https:\/\/sprachen-und-mehr.eu\/index.php?rest_route=%2Fwp%2Fv2%2Fmedia&parent=333"}],"curies":[{"name":"wp","href":"https:\/\/api.w.org\/{rel}","templated":true}]}}