{"id":329,"date":"2020-05-24T11:12:20","date_gmt":"2020-05-24T11:12:20","guid":{"rendered":"http:\/\/sprachen-und-mehr.eu\/?page_id=329"},"modified":"2023-12-28T19:32:44","modified_gmt":"2023-12-28T19:32:44","slug":"englisch","status":"publish","type":"page","link":"https:\/\/sprachen-und-mehr.eu\/?page_id=329","title":{"rendered":"Englisch"},"content":{"rendered":"<p><span style=\"text-decoration: underline; color: #ff0000;\"><strong><a href=\"http:\/\/sprachen-und-mehr.eu\/wp-content\/uploads\/2012\/07\/Britain.jpg\"><img loading=\"lazy\" decoding=\"async\" class=\"alignnone size-full wp-image-53\" title=\"Britain\" src=\"http:\/\/sprachen-und-mehr.eu\/wp-content\/uploads\/2012\/07\/Britain.jpg\" alt=\"Hemdchen\" width=\"60\" height=\"60\" \/><\/a>Englisch<\/strong><\/span><\/p>\n<p><span style=\"color: #0000ff;\"><strong>Firmen- und Einzelkurse<\/strong><\/span><\/p>\n<p><span style=\"color: #0000ff;\"><strong>Firmen- und Einzelkurse f\u00fcr sicheres Sprechen und Pr\u00e4sentieren in Englisch:<\/strong><\/span><\/p>\n<p>M\u00f6chten Sie Ihr Englisch verbessern und gleichzeitig Ihre F\u00e4higkeiten im freien Sprechen und Pr\u00e4sentieren vor internationalen Gesch\u00e4ftspartnern auf ein h\u00f6heres Level heben? Meine Kurse bieten eine umfassende Schulung in allgemeiner Grammatik und Wortschatz und dar\u00fcber hinaus erfahren Sie mehr \u00fcber effektive Pr\u00e4sentationstechniken und \u00fcben freies Sprechen.<\/p>\n<p>Unser gemeinsames Ziel ist es, dass Sie nach ca. 3 x 10 Unterrichtseinheiten \u00e0 90 Minuten das erworbene Wissen souver\u00e4n vor Gesch\u00e4ftspartnern weltweit anwenden k\u00f6nnen. Selbst anspruchsvolle Konferenzen und Telkos werden keine un\u00fcberwindbaren H\u00fcrden mehr darstellen.<\/p>\n<p>Lassen Sie uns gemeinsam ein ma\u00dfgeschneidertes Konzept entwickeln, das perfekt auf Ihre individuellen Anforderungen zugeschnitten ist.<\/p>\n<p><strong>Sprechen Sie mich an &#8211; lassen Sie uns ein gemeinsames Konzept f\u00fcr Ihre Bed\u00fcrfnisse entwickeln<\/strong><\/p>\n<p>______________________________<\/p>\n<p><strong><span style=\"color: #0000ff;\">Einzelunterricht Spezialkurs:<\/span><br \/>\n<\/strong><\/p>\n<ul>\n<li><strong><span style=\"color: #ff0000;\">Grammatik &#8211; H\u00f6ren &#8211; Verstehen &#8211; Sprechen<\/span><\/strong><\/li>\n<\/ul>\n<p><strong>Vorteile:<\/strong> der Unterricht wird genau auf <span style=\"text-decoration: underline;\">Ihre Bed\u00fcrfnisse und W\u00fcnsche<\/span> abgestimmt. Es gibt zahlreiche Texte, \u00dcbungen und H\u00f6rverstehtexte, die Ihrem Niveau entsprechen. Brauchen Sie eine Wiederholung der gesamten Grammatik oder muss der m\u00fcndliche und\/oder schriftliche Ausdruck verbessert werden?\u00a0 Kl\u00e4ren Sie im Vorgespr\u00e4ch die Ziele des Unterrichtes. Alle Niveaustufen nach ERR.<\/p>\n<p>Termine: nach Vereinbarung<\/p>\n<p><strong>Voraussetzung:<\/strong> Niveau A2<\/p>\n<ul>\n<li><strong><span style=\"color: #ff0000;\">Business:<\/span><br \/>\n<\/strong><\/li>\n<\/ul>\n<p>Wie setzte ich einen Brief oder eine Email auf? Wie kann ich sicherer Telefonieren? Gibt es Fallstricke zu beachten?<\/p>\n<p>Es werden aktuelle Texte aus dem Bereich Umwelt, Brexit, Politik &#8230; behandelt. Auch werden, wenn m\u00f6glich, Ihre Anregungen ber\u00fccksichtigt.<\/p>\n<p>Auch werden H\u00f6rtexte zur Verf\u00fcgung gestellt. Praktische \u00dcbungen runden den Kurs ab.<\/p>\n<p><strong>Voraussetzung:<\/strong> Niveau A2<\/p>\n<p>______________________________________________________________________________<\/p>\n<p>Tel. Nr. 0172 213 66 45 (ab 18:00 Uhr)<\/p>\n<p>vch@sprachen-und-mehr.eu<\/p>\n","protected":false},"excerpt":{"rendered":"<p>Englisch Firmen- und Einzelkurse Firmen- und Einzelkurse f\u00fcr sicheres Sprechen und Pr\u00e4sentieren in Englisch: M\u00f6chten Sie Ihr Englisch verbessern und gleichzeitig Ihre F\u00e4higkeiten im freien Sprechen und Pr\u00e4sentieren vor internationalen Gesch\u00e4ftspartnern auf ein h\u00f6heres Level heben? Meine Kurse bieten eine umfassende Schulung in allgemeiner Grammatik und Wortschatz und dar\u00fcber hinaus erfahren Sie mehr \u00fcber effektive [&hellip;]<\/p>\n","protected":false},"author":3,"featured_media":0,"parent":0,"menu_order":4,"comment_status":"closed","ping_status":"closed","template":"","meta":{"footnotes":""},"_links":{"self":[{"href":"https:\/\/sprachen-und-mehr.eu\/index.php?rest_route=\/wp\/v2\/pages\/329"}],"collection":[{"href":"https:\/\/sprachen-und-mehr.eu\/index.php?rest_route=\/wp\/v2\/pages"}],"about":[{"href":"https:\/\/sprachen-und-mehr.eu\/index.php?rest_route=\/wp\/v2\/types\/page"}],"author":[{"embeddable":true,"href":"https:\/\/sprachen-und-mehr.eu\/index.php?rest_route=\/wp\/v2\/users\/3"}],"replies":[{"embeddable":true,"href":"https:\/\/sprachen-und-mehr.eu\/index.php?rest_route=%2Fwp%2Fv2%2Fcomments&post=329"}],"version-history":[{"count":17,"href":"https:\/\/sprachen-und-mehr.eu\/index.php?rest_route=\/wp\/v2\/pages\/329\/revisions"}],"predecessor-version":[{"id":468,"href":"https:\/\/sprachen-und-mehr.eu\/index.php?rest_route=\/wp\/v2\/pages\/329\/revisions\/468"}],"wp:attachment":[{"href":"https:\/\/sprachen-und-mehr.eu\/index.php?rest_route=%2Fwp%2Fv2%2Fmedia&parent=329"}],"curies":[{"name":"wp","href":"https:\/\/api.w.org\/{rel}","templated":true}]}}