{"id":294,"date":"2020-05-02T09:58:54","date_gmt":"2020-05-02T09:58:54","guid":{"rendered":"http:\/\/sprachen-und-mehr.eu\/?page_id=294"},"modified":"2020-05-24T11:35:29","modified_gmt":"2020-05-24T11:35:29","slug":"deutsche-schrift","status":"publish","type":"page","link":"https:\/\/sprachen-und-mehr.eu\/?page_id=294","title":{"rendered":"Deutsch"},"content":{"rendered":"\n<h2 class=\"wp-block-heading\">\nAlem\u00e1n para los Espa\u00f1oles<\/h2>\n\n\n\n<p><strong><a href=\"http:\/\/sprachen-und-mehr.eu\/wp-content\/uploads\/2012\/07\/Spain.jpg\"><img loading=\"lazy\" decoding=\"async\" title=\"Spain\" src=\"http:\/\/sprachen-und-mehr.eu\/wp-content\/uploads\/2012\/07\/Spain.jpg\" alt=\"Hemdchen\" width=\"60\" height=\"60\"><\/a><\/strong> La se\u00f1ora Christ puede explicar la gram\u00e1tica y la estructura de la lengua alemana en espa\u00f1ol. Tambi\u00e9n hay muchos ejercicios para memorizar mejor las reglas. Escriba un correo electr\u00f3nico a &#8211;&nbsp; vch@sprachen-und-mehr.eu &#8211; y la se\u00f1ora Christ responder\u00e1 tan pronto como le sea posible. S\u00f3lo hay cursos individuales a fin de que aprenda alem\u00e1n de forma intensiva y por eso el estudiante obtiene buenos resultados. La profesora puede atender al estudiante personalmente. <strong><a href=\"http:\/\/sprachen-und-mehr.eu\/wp-content\/uploads\/2012\/07\/Germany.jpg\"><\/a><\/strong><\/p>\n\n\n\n<p> <span style=\"text-decoration: underline; color: #ff0000;\"><strong><a href=\"http:\/\/sprachen-und-mehr.eu\/wp-content\/uploads\/2012\/07\/Germany.jpg\"><img loading=\"lazy\" decoding=\"async\" title=\"Germany\" class=\"alignnone size-full wp-image-55\" src=\"http:\/\/sprachen-und-mehr.eu\/wp-content\/uploads\/2012\/07\/Germany.jpg\" alt=\"Hemdchen\" width=\"60\" height=\"60\"><span style=\"color: #ff0000; text-decoration: underline;\"> Deutsch<\/span><\/a><\/strong><\/span> <\/p>\n\n\n\n<h2 class=\"wp-block-heading\">Deutsche Schrift oder auch als S\u00fctterlin bekannt<\/h2>\n\n\n\n<p>Geht es Ihnen auch so? Sie entdecken alte Aufzeichungen Ihrer Gro\u00dfeltern und k\u00f6nnen dies nicht lesen?<\/p>\n\n\n\n<p>Ich biete einen Onlinekurs per Skype an, um dieses Geheimnis zu l\u00fcften.  Damit auch all Ihre Fragen beantwortet werden, werden nur kleine Gruppen bis max. 3 Teilnehmern gebildetr<\/p>\n\n\n\n<h3 class=\"wp-block-heading\"><strong>NEU Spezialkurs per Skype<\/strong><\/h3>\n\n\n\n<p><strong>S\u00fctterlin,<\/strong> wer hat den Begriff nicht schon mal geh\u00f6rt. Immer wieder entdeckt man auf dem Dachboden Schriften und Dokumente der Gro\u00dfeltern, aber leider kann man es nicht lesen. In diesem Kurs mit 4 Lerneinheiten je 90 Minuten wird das Geheimnis gel\u00fcftet.<\/p>\n\n\n\n1. Abend\n\n\n\n<p>Geschichte der <strong>deutschen Schrift<\/strong>, alle Kleinbuchstaben<\/p>\n\n\n\n<p>2. Abend<\/p>\n\n\n\n<p>Alle Gro\u00dfbuchstaben<\/p>\n\n\n\n<p>3. Abend<\/p>\n\n\n\n<p>Schriften aus dem 18. und 19. Jahrhundert,<\/p>\n\n\n\n<p>4. Abend<\/p>\n\n\n\n<p>Schriften aus dem 16. und 17. Jahrhundert<\/p>\n\n\n\n<p>Nat\u00fcrliche werden die Schriften ge\u00fcbt und geschrieben, zahlreiche Unterlagen werden Ihnen zur Verf\u00fcgung gestellt.<\/p>\n\n\n\n<p>Temin nach Vereinbarung<\/p>\n\n\n\n<p>Max. 3 Kursteilnehmer &#8211; dadurch intersives Training gew\u00e4hrleistet.<\/p>\n\n\n\n<p>Preis je Teilnehmer bei mind. 2 Personen: 70 Euro<\/p>\n","protected":false},"excerpt":{"rendered":"<p>Alem\u00e1n para los Espa\u00f1oles La se\u00f1ora Christ puede explicar la gram\u00e1tica y la estructura de la lengua alemana en espa\u00f1ol. Tambi\u00e9n hay muchos ejercicios para memorizar mejor las reglas. Escriba un correo electr\u00f3nico a &#8211;&nbsp; vch@sprachen-und-mehr.eu &#8211; y la se\u00f1ora Christ responder\u00e1 tan pronto como le sea posible. S\u00f3lo hay cursos individuales a fin de [&hellip;]<\/p>\n","protected":false},"author":1,"featured_media":0,"parent":0,"menu_order":8,"comment_status":"closed","ping_status":"closed","template":"","meta":{"footnotes":""},"_links":{"self":[{"href":"https:\/\/sprachen-und-mehr.eu\/index.php?rest_route=\/wp\/v2\/pages\/294"}],"collection":[{"href":"https:\/\/sprachen-und-mehr.eu\/index.php?rest_route=\/wp\/v2\/pages"}],"about":[{"href":"https:\/\/sprachen-und-mehr.eu\/index.php?rest_route=\/wp\/v2\/types\/page"}],"author":[{"embeddable":true,"href":"https:\/\/sprachen-und-mehr.eu\/index.php?rest_route=\/wp\/v2\/users\/1"}],"replies":[{"embeddable":true,"href":"https:\/\/sprachen-und-mehr.eu\/index.php?rest_route=%2Fwp%2Fv2%2Fcomments&post=294"}],"version-history":[{"count":10,"href":"https:\/\/sprachen-und-mehr.eu\/index.php?rest_route=\/wp\/v2\/pages\/294\/revisions"}],"predecessor-version":[{"id":347,"href":"https:\/\/sprachen-und-mehr.eu\/index.php?rest_route=\/wp\/v2\/pages\/294\/revisions\/347"}],"wp:attachment":[{"href":"https:\/\/sprachen-und-mehr.eu\/index.php?rest_route=%2Fwp%2Fv2%2Fmedia&parent=294"}],"curies":[{"name":"wp","href":"https:\/\/api.w.org\/{rel}","templated":true}]}}