{"id":280,"date":"2018-07-03T18:43:25","date_gmt":"2018-07-03T18:43:25","guid":{"rendered":"http:\/\/sprachen-und-mehr.eu\/?page_id=280"},"modified":"2020-05-24T11:05:24","modified_gmt":"2020-05-24T11:05:24","slug":"datenschutz","status":"publish","type":"page","link":"https:\/\/sprachen-und-mehr.eu\/?page_id=280","title":{"rendered":"Datenschutz"},"content":{"rendered":"<h1><strong>Allgemeine Datenschutzhinweise<\/strong><\/h1>\n<p>1. Name und Kontaktdaten der verantwortlichen Stelle<\/p>\n<p>2. Erhebung und Speicherung personenbezogener Daten; Art, Zweck und Verwendung<\/p>\n<p>3. Weitergabe von Daten an Dritte<\/p>\n<p>4. Ihre Rechte als betroffene Person<\/p>\n<p>5. Ihr Recht auf Widerspruch<\/p>\n<p>6. Datenverarbeitung \u00fcber unsere Webseite<\/p>\n<p>&nbsp;<\/p>\n<h2>1. Name und Kontaktdaten der verantwortlichen Stelle<\/h2>\n<p>Diese Datenschutzhinweise gelten &#8211; als verantwortliche Stelle &#8211; f\u00fcr mich wie folgt:<\/p>\n<p>Sprachen und mehr\u2026<\/p>\n<p>Valeria Christ<\/p>\n<p>Darmst\u00e4dter Str. 40a<\/p>\n<p>64673 Zwingenberg<\/p>\n<p>Tel. . 06251 86 90 373<\/p>\n<p>E-Mail: vch@sprachen-und-mehr.eu<\/p>\n<p>&nbsp;<\/p>\n<h2>2. Erhebung und Speicherung personenbezogener Date; Art, Zweck und Verwendung<\/h2>\n<p>Wenn Sie mich mitSprachunterricht beauftragen, werden folgende Informationen erhoben<\/p>\n<p>Anrede, Titel, Vorname, Nachname<\/p>\n<p>Anschrift<\/p>\n<p>E-Mail-Adresse<\/p>\n<p>Telefonnummern (Festnetz und\/oder Mobilfunk)<\/p>\n<p>Au\u00dferdem werden alle Informationen erhoben \/ gespeichert, die f\u00fcr die Erf\u00fcllung des Vertrages<\/p>\n<p>mit Ihnen notwendig sind. Wir erheben grunds\u00e4tzlich keine Daten im Sinne von Art. 9 DSGVO<\/p>\n<p>(rassische, ethnische Herkunft, politische Meinungen, religi\u00f6se oder weltanschauliche<\/p>\n<p>\u00dcberzeugungen oder Gewerkschaftszugeh\u00f6rigkeit Gesundheitsdate und \/ oder Verfassung).<\/p>\n<p>Die Erhebung und Speicherung der personenbezogenen Daten erfolgt,<\/p>\n<p>&#8211; um Sie als Kunden identifizieren zu k\u00f6nnen,<\/p>\n<p>&#8211; um Sie angemessen beraten und informieren zu k\u00f6nnen,<\/p>\n<p>&#8211; um die meine vertraglichen Pflichtern Ihnen gegen\u00fcber erf\u00fcllen zu k\u00f6nnen,<\/p>\n<p>&#8211; um unsere gesetzlichen Verpflichtungen erf\u00fcllen zu k\u00f6nnen (steuerrechtlich),<\/p>\n<p>&#8211; zur Korrespondenz mit Ihnen,<\/p>\n<p>&#8211; zur Rechnungsstellung bzw. ggf. im Rahmen des Mahnwesens,<\/p>\n<p>&#8211; zu Zwecken der zul\u00e4ssigen Direktwerbung,<\/p>\n<p>&#8211; zur Geltendmachung etwaiger Anspr\u00fcche gegen Sie.<\/p>\n<p>Die Verarbeitung der personenbezogenen DAten erfolgt anl\u00e4sslich Ihrer Anfrage bei uns und<\/p>\n<p>ist zu den genannten Zwecken f\u00fcr die Bearbeitung der Dienstleistung erforderlich.<\/p>\n<p>Die erhobenen personenbezogenen Daten werden bis zum Ablauf der gesetzlichen Aufbewah-<\/p>\n<p>rungspflicht f\u00fcr Kaufleute (bis zu 10 Jahre nach Ablauf des Kalenderjahres, in den das<\/p>\n<p>Vertragsverh\u00e4ltnis beendet wurde) gespeichert und danach gel\u00f6scht. Dies gilt ausnahmsweise<\/p>\n<p>nicht, wenn ich aufgrund von steuer- oder handelsrechtlichen Aufbewahrungspflichten (gem.<\/p>\n<p>HGB, StGB oder AO) zu einer l\u00e4ngeren Speicherung verpflichetet bin oder wenn Sie in einer<\/p>\n<p>dar\u00fcber hinhausgehenden Speicherung eingewilligt haben.<\/p>\n<p>&nbsp;<\/p>\n<h2>3. Weitergabe der Daten an Dritte<\/h2>\n<p>Eine \u00dcbermittlung Ihrer pers\u00f6nlichen Daten an Dritte findet grunds\u00e4tzlich nicht statt.<\/p>\n<p>Ausnahmen giervon gelten nur, soweit dies f\u00fcr die Abwicklung von Vertragsverh\u00e4ltnissen<\/p>\n<p>mit Ihnen erforderlich ist. Hierzu z\u00e4hlt insbesondere die Weitergabe an von uns beauftragte<\/p>\n<p>Dienstleister (sog. Auftragsverarbeiter) oder sonstige Dritte, deren T\u00e4tigkeit f\u00fcr die Vertrags-<\/p>\n<p>durchf\u00fchrung erforderlich ist. Die weitergegebenen Daten d\u00fcrfen von Dritten ausschlie\u00dflich<\/p>\n<p>zu den genannten Zwecken verwendet werden.<\/p>\n<p>&nbsp;<\/p>\n<h2>4. Ihre Rechte als betroffene Person<\/h2>\n<p>Ihnen als von der Datenverarbeitung betroffenen PErson stehen verschiedene Rechte zu:<\/p>\n<p>&#8211; Widerrufsrecht: Von Ihnen erteile Einwilligungen k\u00f6nnen Sie jederzeit mir gegen\u00fcber<\/p>\n<p>widerrufen. Die Datenverarbeitung, die auf der widerrufenen Einwilligung beruht, darf dann f\u00fcr<\/p>\n<p>die Zukunft nicht mehr fortgef\u00fchrt werden.<\/p>\n<p>&#8211; Auskunftsrecht: Sie k\u00f6nnen Auskunft \u00fcber Ihre von uns verarbeiteten, personenebezogenen<\/p>\n<p>Daten verlangen. Dies gilt insbesondere f\u00fcr die ZWecke der Datenverarbeitungen, (Kategorien<\/p>\n<p>der personenbezogenen Daten, Empf\u00e4ngern, Speicherdauer).<\/p>\n<p>&#8211; Berichtigungsrecht: Sie k\u00f6nnen die Berichtigung unrichtiger oder die Vervollst\u00e4ndigung<\/p>\n<p>Ihrer bei mir gespeicherten personenbezogenen Daten verlangen.<\/p>\n<p>&#8211; L\u00f6schungsrecht: Sie k\u00f6nnen die L\u00f6schung Ihrer bei uns gespeicherten personenbezogenen<\/p>\n<p>Daten verlangen, soweit deren Speicherung\/Verarbeitung nicht zur Aus\u00fcbung und zur Er-<\/p>\n<p>f\u00fclllung einer rechtlichen Verpflichtung, aus Gr\u00fcnden des \u00f6ffentlichen Interesses oder zur<\/p>\n<p>Geltungmachung, Aus\u00fcbung oder Verteidigung von Rechtsanspr\u00fcchen erforderlich ist.<\/p>\n<p>&#8211; Recht auf Einschr\u00e4nkung der Verarbeitung: Sie k\u00f6nnen die Einschr\u00e4nkung der Verarbeitung<\/p>\n<p>Ihrer personenbezogenen Daten verlangen, soweit die Richtigkeit der Daten von Ihnen bestritten<\/p>\n<p>wird, die Verarbeitung unrechtm\u00e4\u00dfig ist, Sie aber deren L\u00f6schung ablehnen. Au\u00dferdem steht<\/p>\n<p>Ihnen dieses Recht zu, wenn ich die Daten nicht mehr ben\u00f6tige, Sie diese jedoch zur<\/p>\n<p>Geldungmachung, Aus\u00fcbung oder Verteidigung von Rechtsanspr\u00fcchen ben\u00f6tigen.<\/p>\n<p>Dar\u00fcber hinaus haben Sie das Recht, wenn Sie Widerspruch gegen die Verarbeitung Ihrer<\/p>\n<p>personenbezogenen Daten eingelegt haben;<\/p>\n<p>&#8211; Recht auf Daten\u00fcbertragbarkeit: Sie k\u00f6nnen verlangen, dass ich Ihnen Ihre personenbezo-<\/p>\n<p>genen Daten, die Sie mir bereitgestellt haben, in einem strukturierten, g\u00e4ngigen und<\/p>\n<p>maschinenlesbaren Format zu \u00fcbermitteln. Alternativ k\u00f6nnen Sie die direkte \u00dcbermittlung<\/p>\n<p>der von Ihnen bereitsgestellten personenbezogenen Daten an einen anderen Verantwortlichen<\/p>\n<p>verlangen, soweit dies m\u00f6glich ist.<\/p>\n<p>&#8211; Beschwerderecht: Sie k\u00f6nnen sich bei der f\u00fcr mich zust\u00e4ndigen Aufsichtsbeh\u00f6rde be-<\/p>\n<p>schweren, z. B. wenn Sie der Ansicht sind, dass ich Ihre personenbezogenen Daten in<\/p>\n<p>unrechtm\u00e4\u00dfiger Weise verarbeite. Die f\u00fcr mich zust\u00e4ndige Beh\u00f6rde ist: Der Hessische<\/p>\n<p>Datenschutzbeauftragte, Gustav-Stresemann-Ring 1, 65189 Wiesbaden, Tel.-Nr. 0611-1408-0,<\/p>\n<p>E-Mail: poststelle(at)datenschutz.hessen.de, Web: www.datenschutz.hessen.de<\/p>\n<p>&nbsp;<\/p>\n<h2>5. Ihr Recht auf Widerspruch<\/h2>\n<p>Sofern ich Ihre Personenbezogenen Daten auf Basis eines berechtigten Interesses verarbeiten,<\/p>\n<p>haben Sie das Recht, Widerspruch gegen diese Verarbeitung einzulegen. M\u00f6chen Sie vom<\/p>\n<p>Widerspruchsrecht Gebrauch machen, gen\u00fcgt eine Mitteilung in Textform. Sie k\u00f6nnen mir<\/p>\n<p>gerne anschreiben oder sich mit einer E-Mail an mich wenden. Meine Kontaktdaten finden Sie<\/p>\n<p>unter Punkt 1. dieser Datenschutzhinweise<\/p>\n<p>&nbsp;<\/p>\n<h2>6. Datenverarbeitung online<\/h2>\n<p>Auch \u00fcber meine Internetseite unter www.sprachen-und-mehr.eu erfolgr die Verarbeitung<\/p>\n<p>bestimmter personenbezogener Daten, u.a. der IP-Adresse der Webseitenbesucher.<\/p>\n<p>&nbsp;<\/p>\n<p>&nbsp;<\/p>\n<p>&nbsp;<\/p>\n","protected":false},"excerpt":{"rendered":"<p>Allgemeine Datenschutzhinweise 1. Name und Kontaktdaten der verantwortlichen Stelle 2. Erhebung und Speicherung personenbezogener Daten; Art, Zweck und Verwendung 3. Weitergabe von Daten an Dritte 4. Ihre Rechte als betroffene Person 5. Ihr Recht auf Widerspruch 6. Datenverarbeitung \u00fcber unsere Webseite &nbsp; 1. Name und Kontaktdaten der verantwortlichen Stelle Diese Datenschutzhinweise gelten &#8211; als verantwortliche [&hellip;]<\/p>\n","protected":false},"author":1,"featured_media":0,"parent":0,"menu_order":33,"comment_status":"closed","ping_status":"closed","template":"","meta":{"footnotes":""},"_links":{"self":[{"href":"https:\/\/sprachen-und-mehr.eu\/index.php?rest_route=\/wp\/v2\/pages\/280"}],"collection":[{"href":"https:\/\/sprachen-und-mehr.eu\/index.php?rest_route=\/wp\/v2\/pages"}],"about":[{"href":"https:\/\/sprachen-und-mehr.eu\/index.php?rest_route=\/wp\/v2\/types\/page"}],"author":[{"embeddable":true,"href":"https:\/\/sprachen-und-mehr.eu\/index.php?rest_route=\/wp\/v2\/users\/1"}],"replies":[{"embeddable":true,"href":"https:\/\/sprachen-und-mehr.eu\/index.php?rest_route=%2Fwp%2Fv2%2Fcomments&post=280"}],"version-history":[{"count":7,"href":"https:\/\/sprachen-und-mehr.eu\/index.php?rest_route=\/wp\/v2\/pages\/280\/revisions"}],"predecessor-version":[{"id":324,"href":"https:\/\/sprachen-und-mehr.eu\/index.php?rest_route=\/wp\/v2\/pages\/280\/revisions\/324"}],"wp:attachment":[{"href":"https:\/\/sprachen-und-mehr.eu\/index.php?rest_route=%2Fwp%2Fv2%2Fmedia&parent=280"}],"curies":[{"name":"wp","href":"https:\/\/api.w.org\/{rel}","templated":true}]}}