{"id":224,"date":"2015-02-15T19:15:08","date_gmt":"2015-02-15T19:15:08","guid":{"rendered":"http:\/\/sprachen-und-mehr.eu\/?page_id=224"},"modified":"2024-01-07T18:22:28","modified_gmt":"2024-01-07T18:22:28","slug":"home","status":"publish","type":"page","link":"https:\/\/sprachen-und-mehr.eu\/","title":{"rendered":"Home"},"content":{"rendered":"<p><img loading=\"lazy\" decoding=\"async\" class=\"wp-image-409 alignright\" src=\"http:\/\/sprachen-und-mehr.eu\/wp-content\/uploads\/2020\/07\/Weltkugel.jpg\" alt=\"\" width=\"400\" height=\"266\" srcset=\"https:\/\/sprachen-und-mehr.eu\/wp-content\/uploads\/2020\/07\/Weltkugel.jpg 1000w, https:\/\/sprachen-und-mehr.eu\/wp-content\/uploads\/2020\/07\/Weltkugel-300x200.jpg 300w, https:\/\/sprachen-und-mehr.eu\/wp-content\/uploads\/2020\/07\/Weltkugel-768x511.jpg 768w\" sizes=\"(max-width: 400px) 100vw, 400px\" \/><\/p>\n<p>Ich hatte das Gl\u00fcck eines l\u00e4ngeren Auslandaufenthaltes in S\u00fcdafrika, Ecuador und Kanada und besuchte in den L\u00e4ndern Sprachkurse. Somit habe ich nicht nur sehr gute Sprachkentnisse, sondern habe auch die Kultur und die Geschichte des jeweiligen Gastlandes kennengelernt. Meine Gastfamilien lie\u00dfen mich an ihrem Leben teilhaben.<\/p>\n<p>Als Zollfachfrau und zertifizierte Zollbeauftrage habe ich \u00fcber Jahrzehnte Erfahrungen gesammelt und kann Sie gerne unterst\u00fctzen &#8211; sein es die Zollanmeldung, EUR1, A.TR oder Ursprungszeugnis.<\/p>\n<p>Sprachen &#8211; Zoll und mehr &#8211; Valeria Christ &#8211; Darmst\u00e4dter Str. 40 &#8211; 64673 Zwingenberg<\/p>\n<p>Tel. 0172 213 66 45 (ab 18 Uhr)<\/p>\n<p><a href=\"mailto:vch@sprachen-und-mehr.eu\">vch@sprachen-und-mehr.eu<\/a><\/p>\n","protected":false},"excerpt":{"rendered":"<p>Ich hatte das Gl\u00fcck eines l\u00e4ngeren Auslandaufenthaltes in S\u00fcdafrika, Ecuador und Kanada und besuchte in den L\u00e4ndern Sprachkurse. Somit habe ich nicht nur sehr gute Sprachkentnisse, sondern habe auch die Kultur und die Geschichte des jeweiligen Gastlandes kennengelernt. Meine Gastfamilien lie\u00dfen mich an ihrem Leben teilhaben. Als Zollfachfrau und zertifizierte Zollbeauftrage habe ich \u00fcber Jahrzehnte [&hellip;]<\/p>\n","protected":false},"author":1,"featured_media":0,"parent":0,"menu_order":0,"comment_status":"closed","ping_status":"closed","template":"","meta":{"footnotes":""},"_links":{"self":[{"href":"https:\/\/sprachen-und-mehr.eu\/index.php?rest_route=\/wp\/v2\/pages\/224"}],"collection":[{"href":"https:\/\/sprachen-und-mehr.eu\/index.php?rest_route=\/wp\/v2\/pages"}],"about":[{"href":"https:\/\/sprachen-und-mehr.eu\/index.php?rest_route=\/wp\/v2\/types\/page"}],"author":[{"embeddable":true,"href":"https:\/\/sprachen-und-mehr.eu\/index.php?rest_route=\/wp\/v2\/users\/1"}],"replies":[{"embeddable":true,"href":"https:\/\/sprachen-und-mehr.eu\/index.php?rest_route=%2Fwp%2Fv2%2Fcomments&post=224"}],"version-history":[{"count":21,"href":"https:\/\/sprachen-und-mehr.eu\/index.php?rest_route=\/wp\/v2\/pages\/224\/revisions"}],"predecessor-version":[{"id":500,"href":"https:\/\/sprachen-und-mehr.eu\/index.php?rest_route=\/wp\/v2\/pages\/224\/revisions\/500"}],"wp:attachment":[{"href":"https:\/\/sprachen-und-mehr.eu\/index.php?rest_route=%2Fwp%2Fv2%2Fmedia&parent=224"}],"curies":[{"name":"wp","href":"https:\/\/api.w.org\/{rel}","templated":true}]}}